{"id":140,"date":"2013-09-17T14:57:01","date_gmt":"2013-09-17T14:57:01","guid":{"rendered":"http:\/\/www.onderdak.cl\/w\/?page_id=140"},"modified":"2014-06-06T21:46:01","modified_gmt":"2014-06-06T21:46:01","slug":"empresa","status":"publish","type":"page","link":"https:\/\/onderdak.dvk.cl\/?page_id=140","title":{"rendered":"Empresa"},"content":{"rendered":"<ul class=\"g1-grid\"><li class=\"g1-column g1-one-half g1-valign-top\">\n<h2><i id=\"icon-1\" class=\"g1-icon g1-icon--solid g1-icon--small g1-icon--inherit  fa fa-th-large\"><\/i><\/h2>\n<h2>Perfil de la empresa<\/h2>\n<p><strong>Sitio web: <\/strong>http:\/\/www.SNOW-SHELTER.com<br \/>\n<strong>Perfil de la empresa: <\/strong>Empresa especialista en dise\u00f1o y construcci\u00f3n de refugios t\u00e9rmicos.<br \/>\n<strong>Misi\u00f3n: <\/strong>Proveer un m\u00f3dulo habitable funcional y acogedor, apto para todo clima y terreno, transportable, ensamblable y des ensamblable a un m\u00ednimo costo.<br \/>\nProductos: <a title=\"Onderdak 0.11\" href=\"http:\/\/www.onderdak.cl\/w\/?page_id=144\">Onderdak 0.11<\/a>, <a title=\"Onderdak 0.22\" href=\"http:\/\/www.onderdak.cl\/w\/?page_id=64\">Onderdak 0.22<\/a><\/p>\n<\/li><!-- -->\n<li class=\"g1-column g1-one-half g1-valign-top\">\n<h2><i id=\"icon-2\" class=\"g1-icon g1-icon--solid g1-icon--small g1-icon--inherit  fa fa-magic\"><\/i><\/h2>\n<h2>Misi\u00f3n<\/h2>\n<p>Proveer un m\u00f3dulo habitable funcional y acogedor, apto para todo clima y terreno, transportable, ensamblable y des ensamblable a un m\u00ednimo costo.<\/p>\n<\/li><!-- --><\/ul>\n<div id=\"g1-divider-1\" class=\"g1-divider g1-divider--none g1-divider--noicon \"><\/div>\n<h2><i id=\"icon-3\" class=\"g1-icon g1-icon--solid g1-icon--small g1-icon--inherit  fa fa-gift\"><\/i><\/h2>\n<h2>Ubicaci\u00f3n<\/h2>\n<div class=\"g1-gmap-wrapper\">\n<div id=\"g1-gmap-counter-1\" class=\"g1-gmap\" data-g1-gmap-config=\"{ map_type: 'roadmap',invert_lightness: '',latitude: '-38.9723625',longitude: '-72.5690057',zoom: '10',marker: 'standard',marker_icon: '',type: 'rich',color: '#939e94',color_hue: '#939e94',color_saturation: '-89.268292682927',color_lightness: '19.607843137255' }\" style=\"width: 100%; height: 400px;\">\n<div class=\"g1-gmap-content\" style=\"display: none;\">Onderdak<\/div><\/div><\/div>\n\n<address><strong>KM 5 camino Freire a Villarrica<br \/>\nFreire &#8211; Regi\u00f3n de la Araucan\u00eda<br \/>\nChile.<\/strong><\/address>\n<div id=\"g1-divider-2\" class=\"g1-divider g1-divider--none g1-divider--noicon \"><\/div>\n<ul class=\"g1-grid\"><li class=\"g1-column g1-two-third g1-valign-top\">\n<\/li><!-- -->\n<li class=\"g1-column g1-one-third g1-valign-top\">\n<\/li><!-- --><\/ul>\n<span id=\"g1-space-1\" class=\"g1-space \" style=\"height:1.5em;\"><\/span>\n<div id=\"g1-box-counter-1\" class=\"g1-box g1-box--simple  g1-box--noicon\" ><div class=\"g1-box__inner\">\n<ul class=\"g1-grid\"><li class=\"g1-column g1-two-third g1-valign-middle\">\n<h2>Te invitamos a conocer m\u00e1s de nuestros productos<\/h2>\n<h3 class=\"g1-h4\">Haz click en el bot\u00f3n para saber m\u00e1s<\/h3>\n<\/li><!-- -->\n<li class=\"g1-column g1-one-third g1-valign-middle\">\n<a id=\"g1-button-1\" class=\"g1-button g1-button--big g1-button--simple g1-button--wide \" href=\"http:\/\/www.onderdak.cl\/w\/?page_id=64\" >Conoce Onderdak 0.22<\/a>\n<\/li><!-- --><\/ul>\n<\/div><\/div>\n<p>&nbsp;<\/p>\n<h2><\/h2>\n","protected":false},"excerpt":{"rendered":"<p>Ubicaci\u00f3n KM 5 camino Freire a Villarrica Freire &#8211; Regi\u00f3n de la Araucan\u00eda Chile. &nbsp;<\/p>\n","protected":false},"author":1,"featured_media":0,"parent":0,"menu_order":0,"comment_status":"closed","ping_status":"closed","template":"g1_template_page_nav_left.php","meta":{"footnotes":""},"class_list":["post-140","page","type-page","status-publish"],"_links":{"self":[{"href":"https:\/\/onderdak.dvk.cl\/index.php?rest_route=\/wp\/v2\/pages\/140","targetHints":{"allow":["GET"]}}],"collection":[{"href":"https:\/\/onderdak.dvk.cl\/index.php?rest_route=\/wp\/v2\/pages"}],"about":[{"href":"https:\/\/onderdak.dvk.cl\/index.php?rest_route=\/wp\/v2\/types\/page"}],"author":[{"embeddable":true,"href":"https:\/\/onderdak.dvk.cl\/index.php?rest_route=\/wp\/v2\/users\/1"}],"replies":[{"embeddable":true,"href":"https:\/\/onderdak.dvk.cl\/index.php?rest_route=%2Fwp%2Fv2%2Fcomments&post=140"}],"version-history":[{"count":24,"href":"https:\/\/onderdak.dvk.cl\/index.php?rest_route=\/wp\/v2\/pages\/140\/revisions"}],"predecessor-version":[{"id":747,"href":"https:\/\/onderdak.dvk.cl\/index.php?rest_route=\/wp\/v2\/pages\/140\/revisions\/747"}],"wp:attachment":[{"href":"https:\/\/onderdak.dvk.cl\/index.php?rest_route=%2Fwp%2Fv2%2Fmedia&parent=140"}],"curies":[{"name":"wp","href":"https:\/\/api.w.org\/{rel}","templated":true}]}}