{"id":170,"date":"2013-09-17T17:35:33","date_gmt":"2013-09-17T17:35:33","guid":{"rendered":"http:\/\/www.onderdak.cl\/w\/?page_id=170"},"modified":"2013-09-21T16:49:59","modified_gmt":"2013-09-21T16:49:59","slug":"que-es-onderdak","status":"publish","type":"page","link":"https:\/\/onderdak.dvk.cl\/?page_id=170","title":{"rendered":"Qu\u00e9 es Onderdak?"},"content":{"rendered":"<h2>Qu\u00e9 es Onderdak?<\/h2>\n<p>SHELTER ONDERDAK es un acogedor habit\u00e1culo dise\u00f1ado ergon\u00f3micamente que puede emplazarse en casi cualquier terreno y tipo de clima. Su funcional dise\u00f1o ofrece variadas posibilidades de habitabilidad con un inigualable confort t\u00e9rmico y resistencia estructural.<\/p>\n<p>Lo invitamos a conocer aqu\u00ed m\u00e1s a fondo este innovador dise\u00f1o Arquitect\u00f3nico.<\/p>\n","protected":false},"excerpt":{"rendered":"<p>Qu\u00e9 es Onderdak? SHELTER ONDERDAK es un acogedor habit\u00e1culo dise\u00f1ado ergon\u00f3micamente que puede emplazarse en casi cualquier terreno y tipo de clima. Su funcional dise\u00f1o ofrece variadas posibilidades de habitabilidad con un inigualable confort t\u00e9rmico y resistencia estructural. Lo invitamos a conocer aqu\u00ed m\u00e1s a fondo este innovador dise\u00f1o Arquitect\u00f3nico.<\/p>\n","protected":false},"author":1,"featured_media":0,"parent":64,"menu_order":0,"comment_status":"closed","ping_status":"closed","template":"g1_template_page_nav_left.php","meta":{"footnotes":""},"class_list":["post-170","page","type-page","status-publish"],"_links":{"self":[{"href":"https:\/\/onderdak.dvk.cl\/index.php?rest_route=\/wp\/v2\/pages\/170","targetHints":{"allow":["GET"]}}],"collection":[{"href":"https:\/\/onderdak.dvk.cl\/index.php?rest_route=\/wp\/v2\/pages"}],"about":[{"href":"https:\/\/onderdak.dvk.cl\/index.php?rest_route=\/wp\/v2\/types\/page"}],"author":[{"embeddable":true,"href":"https:\/\/onderdak.dvk.cl\/index.php?rest_route=\/wp\/v2\/users\/1"}],"replies":[{"embeddable":true,"href":"https:\/\/onderdak.dvk.cl\/index.php?rest_route=%2Fwp%2Fv2%2Fcomments&post=170"}],"version-history":[{"count":3,"href":"https:\/\/onderdak.dvk.cl\/index.php?rest_route=\/wp\/v2\/pages\/170\/revisions"}],"predecessor-version":[{"id":259,"href":"https:\/\/onderdak.dvk.cl\/index.php?rest_route=\/wp\/v2\/pages\/170\/revisions\/259"}],"up":[{"embeddable":true,"href":"https:\/\/onderdak.dvk.cl\/index.php?rest_route=\/wp\/v2\/pages\/64"}],"wp:attachment":[{"href":"https:\/\/onderdak.dvk.cl\/index.php?rest_route=%2Fwp%2Fv2%2Fmedia&parent=170"}],"curies":[{"name":"wp","href":"https:\/\/api.w.org\/{rel}","templated":true}]}}