{"id":174,"date":"2013-09-17T17:37:42","date_gmt":"2013-09-17T17:37:42","guid":{"rendered":"http:\/\/www.onderdak.cl\/w\/?page_id=174"},"modified":"2013-09-21T16:45:00","modified_gmt":"2013-09-21T16:45:00","slug":"aplicaciones","status":"publish","type":"page","link":"https:\/\/onderdak.dvk.cl\/?page_id=174","title":{"rendered":"Aplicaciones"},"content":{"rendered":"<h3>\n\n<ul id=\"g1-list-1\" class=\"g1-list--icon g1-list--simple \">\n<li><i class=\"fa fa-chevron-right g1-list__icon\"><\/i>Refugio para la nieve<\/li>\n<li><i class=\"fa fa-chevron-right g1-list__icon\"><\/i>Caba\u00f1a<\/li>\n<li><i class=\"fa fa-chevron-right g1-list__icon\"><\/i>Refugio forestal<\/li>\n<li><i class=\"fa fa-chevron-right g1-list__icon\"><\/i>Vivienda de emergencia<\/li>\n<li><i class=\"fa fa-chevron-right g1-list__icon\"><\/i>Refugio temporal de alojamiento<\/li>\n<li><i class=\"fa fa-chevron-right g1-list__icon\"><\/i>Oficina operacional en terreno<\/li>\n<li><i class=\"fa fa-chevron-right g1-list__icon\"><\/i>M\u00f3dulo de informaci\u00f3n y educaci\u00f3n<\/li>\n<li><i class=\"fa fa-chevron-right g1-list__icon\"><\/i>Hospital de campa\u00f1a<\/li>\n<li><i class=\"fa fa-chevron-right g1-list__icon\"><\/i>M\u00f3dulo de atenci\u00f3n pre hospitalaria<\/li>\n<li><i class=\"fa fa-chevron-right g1-list__icon\"><\/i>Modulo de venta<\/li>\n<li><i class=\"fa fa-chevron-right g1-list__icon\"><\/i>Soporte publicitario<\/li>\n<li><i class=\"fa fa-chevron-right g1-list__icon\"><\/i>Bodega<\/li>\n<\/ul>\n<br \/>\n<\/h3>\n","protected":false},"excerpt":{"rendered":"","protected":false},"author":1,"featured_media":0,"parent":64,"menu_order":0,"comment_status":"closed","ping_status":"closed","template":"g1_template_page_nav_left.php","meta":{"footnotes":""},"class_list":["post-174","page","type-page","status-publish"],"_links":{"self":[{"href":"https:\/\/onderdak.dvk.cl\/index.php?rest_route=\/wp\/v2\/pages\/174","targetHints":{"allow":["GET"]}}],"collection":[{"href":"https:\/\/onderdak.dvk.cl\/index.php?rest_route=\/wp\/v2\/pages"}],"about":[{"href":"https:\/\/onderdak.dvk.cl\/index.php?rest_route=\/wp\/v2\/types\/page"}],"author":[{"embeddable":true,"href":"https:\/\/onderdak.dvk.cl\/index.php?rest_route=\/wp\/v2\/users\/1"}],"replies":[{"embeddable":true,"href":"https:\/\/onderdak.dvk.cl\/index.php?rest_route=%2Fwp%2Fv2%2Fcomments&post=174"}],"version-history":[{"count":3,"href":"https:\/\/onderdak.dvk.cl\/index.php?rest_route=\/wp\/v2\/pages\/174\/revisions"}],"predecessor-version":[{"id":187,"href":"https:\/\/onderdak.dvk.cl\/index.php?rest_route=\/wp\/v2\/pages\/174\/revisions\/187"}],"up":[{"embeddable":true,"href":"https:\/\/onderdak.dvk.cl\/index.php?rest_route=\/wp\/v2\/pages\/64"}],"wp:attachment":[{"href":"https:\/\/onderdak.dvk.cl\/index.php?rest_route=%2Fwp%2Fv2%2Fmedia&parent=174"}],"curies":[{"name":"wp","href":"https:\/\/api.w.org\/{rel}","templated":true}]}}