{"id":269,"date":"2013-09-17T21:43:47","date_gmt":"2013-09-17T21:43:47","guid":{"rendered":"http:\/\/www.onderdak.cl\/w\/?page_id=269"},"modified":"2014-06-06T21:51:00","modified_gmt":"2014-06-06T21:51:00","slug":"aplicaciones-0-11","status":"publish","type":"page","link":"https:\/\/onderdak.dvk.cl\/?page_id=269","title":{"rendered":"Aplicaciones"},"content":{"rendered":"<h3><\/h3>\n<ul id=\"g1-list-1\" class=\"g1-list--icon g1-list--simple \">\n<li><i class=\"fa fa-chevron-right g1-list__icon\"><\/i>Refugio para la nieve<\/li>\n<li><i class=\"fa fa-chevron-right g1-list__icon\"><\/i>Caba\u00f1a<\/li>\n<li><i class=\"fa fa-chevron-right g1-list__icon\"><\/i>Refugio forestal<\/li>\n<li><i class=\"fa fa-chevron-right g1-list__icon\"><\/i>Vivienda de emergencia<\/li>\n<li><i class=\"fa fa-chevron-right g1-list__icon\"><\/i>Refugio temporal de alojamiento<\/li>\n<li><i class=\"fa fa-chevron-right g1-list__icon\"><\/i>Oficina operacional en terreno<\/li>\n<li><i class=\"fa fa-chevron-right g1-list__icon\"><\/i>M\u00f3dulo de informaci\u00f3n y educaci\u00f3n<\/li>\n<li><i class=\"fa fa-chevron-right g1-list__icon\"><\/i>Hospital de campa\u00f1a<\/li>\n<li><i class=\"fa fa-chevron-right g1-list__icon\"><\/i>M\u00f3dulo de atenci\u00f3n pre hospitalaria<\/li>\n<li><i class=\"fa fa-chevron-right g1-list__icon\"><\/i>M\u00f3dulo de venta<\/li>\n<li><i class=\"fa fa-chevron-right g1-list__icon\"><\/i>Soporte publicitario<\/li>\n<li><i class=\"fa fa-chevron-right g1-list__icon\"><\/i>Bodega<\/li>\n<\/ul>\n<\/p>\n","protected":false},"excerpt":{"rendered":"","protected":false},"author":1,"featured_media":0,"parent":144,"menu_order":0,"comment_status":"closed","ping_status":"closed","template":"g1_template_page_nav_left.php","meta":{"footnotes":""},"class_list":["post-269","page","type-page","status-publish"],"_links":{"self":[{"href":"https:\/\/onderdak.dvk.cl\/index.php?rest_route=\/wp\/v2\/pages\/269","targetHints":{"allow":["GET"]}}],"collection":[{"href":"https:\/\/onderdak.dvk.cl\/index.php?rest_route=\/wp\/v2\/pages"}],"about":[{"href":"https:\/\/onderdak.dvk.cl\/index.php?rest_route=\/wp\/v2\/types\/page"}],"author":[{"embeddable":true,"href":"https:\/\/onderdak.dvk.cl\/index.php?rest_route=\/wp\/v2\/users\/1"}],"replies":[{"embeddable":true,"href":"https:\/\/onderdak.dvk.cl\/index.php?rest_route=%2Fwp%2Fv2%2Fcomments&post=269"}],"version-history":[{"count":4,"href":"https:\/\/onderdak.dvk.cl\/index.php?rest_route=\/wp\/v2\/pages\/269\/revisions"}],"predecessor-version":[{"id":755,"href":"https:\/\/onderdak.dvk.cl\/index.php?rest_route=\/wp\/v2\/pages\/269\/revisions\/755"}],"up":[{"embeddable":true,"href":"https:\/\/onderdak.dvk.cl\/index.php?rest_route=\/wp\/v2\/pages\/144"}],"wp:attachment":[{"href":"https:\/\/onderdak.dvk.cl\/index.php?rest_route=%2Fwp%2Fv2%2Fmedia&parent=269"}],"curies":[{"name":"wp","href":"https:\/\/api.w.org\/{rel}","templated":true}]}}