{"id":273,"date":"2013-09-17T21:47:35","date_gmt":"2013-09-17T21:47:35","guid":{"rendered":"http:\/\/www.onderdak.cl\/w\/?page_id=273"},"modified":"2014-06-06T22:02:23","modified_gmt":"2014-06-06T22:02:23","slug":"principales-caracteristicas-0-11","status":"publish","type":"page","link":"https:\/\/onderdak.dvk.cl\/?page_id=273","title":{"rendered":"Pr\u00edncipales Caracter\u00edsticas"},"content":{"rendered":"<p><strong>Dise\u00f1o Ergon\u00f3mico<\/strong><\/p>\n<p>Este refugio esta especialmente dise\u00f1ado y concebido para ser habitable por personas, a diferencia de otras estructuras que usualmente son usadas para el transporte de cargas por via mar\u00edtima y terrestre, respondiendo a est\u00e1ndares de medidas poco aptos para ser utilizables como viviendas o refugios.<br \/>\nCADA CM DE SHELTER ESTA CUIDADOSAMENTE PLANIFICADO Y ESTUDIADO PARA MAXIMIZAR LA EFICIENCIA EN EL USO DE MATERIALES Y LA HABITABILIDAD DE LOS ESPACIOS, PARA AS\u00cd PROVEER DE ALTOS EST\u00c1NDARES DE CONFORT&#8230;&#8230;&#8230;<\/p>\n<p>&nbsp;<\/p>\n<p><strong>Confort T\u00e9rmico<\/strong><\/p>\n<p>El concepto de confort t\u00e9rmico se refiere a la capacidad que tiene un espacio cerrado de mantenernos en su interior con un grado de confortabilidad, esto se logra cuando podemos aislar el ambiente interior de factores externos de temperatura y humedad.<br \/>\nOnderdak est\u00e1 dise\u00f1ado con uno de los mejores productos existentes para la aislaci\u00f3n de estructuras, sus 7 cm de poliuretano inyectado, su interior de madera y la ventilaci\u00f3n pasiva hacen que \u00e9ste sea un espacio muy confortable de habitar. No importa si hace fr\u00edo o calor afuera , en unos pocos minutos se puede manejar la temperatura interior sin necesidad de calefaccionar o enfriar el ambiente.<\/p>\n<p>&nbsp;<\/p>\n<p><strong>Transportable<\/strong><\/p>\n<p>Onderdak es f\u00e1cilmente transportable, con 700 Kg de peso total, y componentes que no superan los 60 kg, lo hacen una de las estructuras s\u00f3lidas m\u00e1s vers\u00e1tiles del mercado. El m\u00f3dulo por partes se puede transportar por:<br \/>\n<strong>Mano:<\/strong> Dos pesonas son capaces de mover todos los componentes del refugio, a trav\u00e9s de senderos, bosques, pendientes empinadas, etc.<br \/>\nCamioneta: Aunque el peso total del refugio lo hace carga admisible para casi todo tipo de pickup al ser las estructuras de 4,66 m. la disposici\u00f3n de la carga hace que \u00e9sta sea llevada en m\u00e1s de un viaje. (dibujo)<br \/>\n<strong>Carro de remolque:<\/strong> Esta es la forma ideal de transporte de Onderdak, un peque\u00f1o carro con eje simple especialmente adaptado para acarrearlo a los m\u00e1s diversos lugares, con un ancho de 1,3 m es ideal para todo tipo de caminos.(dibujo)<br \/>\n<strong>Cami\u00f3n 3\/4:<\/strong> Hasta 3 refugios pueden ser transportados en un cami\u00f3n abierto. Cada refugio desarmado ocupa un volumen de 7 m3.<br \/>\n<strong>Cami\u00f3n porta contenedor:<\/strong> Dentro de un contenedor de 20 pies (5,8m) caben 4 refugios completos, por lo que en el de 40 pies caben 8 refugios.<br \/>\n<strong>Helic\u00f3ptero:<\/strong> Onderdak 0.11 est\u00e1 pensado para ser r\u00e1pida y f\u00e1cilmente transportable como carga colgante por un helic\u00f3ptero y as\u00ed poder llegar a los lugares m\u00e1s remotos e inaccesibles.<\/p>\n<p><strong>Ensamblable y desensamblable<\/strong><\/p>\n<p>Una de las principales ventajas que tiene Onderdak es la de poder desarmarlo y armarlo. Es tan f\u00e1cil y simple que una vez que est\u00e1n los soportes de piso nivelados el armado realizado por dos personas no demora m\u00e1s de 20 minutos para el Onderdak 0.11,<\/p>\n<p>lo \u00fanico que se necesita es un atornillador de cruz y dos pisos o sillas de 45 cm de altura. S\u00ed, en veinte minutos, un par de tornillos estrat\u00e9gicos y tienes un refugio t\u00e9rmico 100% listo y habitable a prueba de agua, viento y nieve.<\/p>\n<p>Ver video de armado y desarmado (el video esta en c\u00e1mara r\u00e1pida y dura 4 min. aprox, en tiempo real 12,5 minutos)<\/p>\n<p>Para desarmarlo es pr\u00e1cticamente lo mismo que en el armado, se parte por lo \u00faltimo, y las herramientas necesarias son las mismas, Onderdak esta dise\u00f1ado para ser armado y desarmado repetidas veces, por lo que cada uno de sus componentes est\u00e1 especialmente dise\u00f1ado y construido para soportar estas demandantes exigencias.<\/p>\n<p><strong>Resistencia Estructural<\/strong><\/p>\n<p><strong>Amigable con el medio ambiente<\/strong><\/p>\n<p>Onderdak es amigable con el medio ambiente de varias formas, una de estas se refiere al poco o nulo impacto que genera en el entorno inmediato en el cual se emplaza, los sistemas tradicionales de construcci\u00f3n modifican y destruyen considerablemente el entorno, la necesidad de caminos, tr\u00e1nsito de camiones , instalaci\u00f3n de faenas, etc, tienen un fuerte impacto en \u00e9l.<\/p>\n<p>Un refugio Onderdak no necesita nada de esto para ser armado en terreno, s\u00f3lo 2 personas en 30 minutos pueden armar y desarmarlo sin generar ninguna destrucci\u00f3n en \u00e9l ni en el medio ambiente, es m\u00e1s, Onderdak puede ser trasladado de locaci\u00f3n y su huella en el terreno es m\u00ednima o nula. Todo esto lo hace ideal para ser usado en locaciones como parques nacionales, parques protegidos, reservas naturales, etc.<\/p>\n<p><strong>Relaci\u00f3n precio\/calidad\/prestaciones<\/strong><\/p>\n","protected":false},"excerpt":{"rendered":"<p>Dise\u00f1o Ergon\u00f3mico Este refugio esta especialmente dise\u00f1ado y concebido para ser habitable por personas, a diferencia de otras estructuras que usualmente son usadas para el transporte de cargas por via mar\u00edtima y terrestre, respondiendo a est\u00e1ndares de medidas poco aptos para ser utilizables como viviendas o refugios. CADA CM DE SHELTER ESTA CUIDADOSAMENTE PLANIFICADO Y [&hellip;]<\/p>\n","protected":false},"author":1,"featured_media":0,"parent":144,"menu_order":0,"comment_status":"closed","ping_status":"closed","template":"g1_template_page_nav_left.php","meta":{"footnotes":""},"class_list":["post-273","page","type-page","status-publish"],"_links":{"self":[{"href":"https:\/\/onderdak.dvk.cl\/index.php?rest_route=\/wp\/v2\/pages\/273","targetHints":{"allow":["GET"]}}],"collection":[{"href":"https:\/\/onderdak.dvk.cl\/index.php?rest_route=\/wp\/v2\/pages"}],"about":[{"href":"https:\/\/onderdak.dvk.cl\/index.php?rest_route=\/wp\/v2\/types\/page"}],"author":[{"embeddable":true,"href":"https:\/\/onderdak.dvk.cl\/index.php?rest_route=\/wp\/v2\/users\/1"}],"replies":[{"embeddable":true,"href":"https:\/\/onderdak.dvk.cl\/index.php?rest_route=%2Fwp%2Fv2%2Fcomments&post=273"}],"version-history":[{"count":3,"href":"https:\/\/onderdak.dvk.cl\/index.php?rest_route=\/wp\/v2\/pages\/273\/revisions"}],"predecessor-version":[{"id":759,"href":"https:\/\/onderdak.dvk.cl\/index.php?rest_route=\/wp\/v2\/pages\/273\/revisions\/759"}],"up":[{"embeddable":true,"href":"https:\/\/onderdak.dvk.cl\/index.php?rest_route=\/wp\/v2\/pages\/144"}],"wp:attachment":[{"href":"https:\/\/onderdak.dvk.cl\/index.php?rest_route=%2Fwp%2Fv2%2Fmedia&parent=273"}],"curies":[{"name":"wp","href":"https:\/\/api.w.org\/{rel}","templated":true}]}}