{"id":35,"date":"2013-08-30T19:50:34","date_gmt":"2013-08-30T19:50:34","guid":{"rendered":"http:\/\/www.onderdak.cl\/w\/?page_id=35"},"modified":"2013-10-09T13:09:21","modified_gmt":"2013-10-09T13:09:21","slug":"aviso-legal","status":"publish","type":"page","link":"https:\/\/onderdak.dvk.cl\/?page_id=35","title":{"rendered":"Aviso Legal"},"content":{"rendered":"<p>DVK E.I.R.L. por s\u00ed o como cesionaria, es propietaria de todos los derechos de propiedad intelectual e industrial de sus p\u00e1ginas webs, as\u00ed como de los elementos contenidos en ellas (a t\u00edtulo enunciativo, planos, dise\u00f1os, im\u00e1genes, sonido, audio, v\u00eddeo, textos; marcas o logotipos, combinaciones de colores, estructura y dise\u00f1o, selecci\u00f3n de materiales usados, acceso y uso, etc.), titularidad de DvK E.I.R.L o bien de sus licenciantes. Todos los derechos reservados. En virtud de lo dispuesto en La Ley N\u00ba 17.336, sobre Propiedad Intelectual, quedan expresamente prohibidas la reproducci\u00f3n, la distribuci\u00f3n y la comunicaci\u00f3n p\u00fablica, incluida su modalidad de puesta a disposici\u00f3n, de la totalidad o parte de los contenidos de esta p\u00e1gina web, con fines comerciales, en cualquier soporte y por cualquier medio t\u00e9cnico, sin la autorizaci\u00f3n de DVK E.I.R.L.. El USUARIO se compromete a respetar los derechos de Propiedad Intelectual e Industrial titularidad de DVK E.I.R.L.. Podr\u00e1 visualizar los elementos del Sitio e incluso imprimirlos, copiarlos y almacenarlos en el disco duro de su computador o en cualquier otro soporte f\u00edsico siempre y cuando sea, \u00fanica y exclusivamente, para su uso personal y privado. MODIFICACIONES: DVK E.I.R.L. se reserva el derecho de efectuar sin previo aviso las modificaciones que considere oportunas en su Sito, en los proyectos arquitect\u00f3nicos y especificaciones t\u00e9cnicas, pudiendo cambiar, suprimir o a\u00f1adir tanto los contenidos y servicios que se presten a trav\u00e9s de la misma como la forma en la que \u00e9stos aparezcan presentados o localizados en su Sito.<\/p>\n","protected":false},"excerpt":{"rendered":"<p>DVK E.I.R.L. por s\u00ed o como cesionaria, es propietaria de todos los derechos de propiedad intelectual e industrial de sus p\u00e1ginas webs, as\u00ed como de los elementos contenidos en ellas (a t\u00edtulo enunciativo, planos, dise\u00f1os, im\u00e1genes, sonido, audio, v\u00eddeo, textos; marcas o logotipos, combinaciones de colores, estructura y dise\u00f1o, selecci\u00f3n de materiales usados, acceso y [&hellip;]<\/p>\n","protected":false},"author":1,"featured_media":0,"parent":0,"menu_order":0,"comment_status":"closed","ping_status":"closed","template":"g1_template_page_simple.php","meta":{"footnotes":""},"class_list":["post-35","page","type-page","status-publish"],"_links":{"self":[{"href":"https:\/\/onderdak.dvk.cl\/index.php?rest_route=\/wp\/v2\/pages\/35","targetHints":{"allow":["GET"]}}],"collection":[{"href":"https:\/\/onderdak.dvk.cl\/index.php?rest_route=\/wp\/v2\/pages"}],"about":[{"href":"https:\/\/onderdak.dvk.cl\/index.php?rest_route=\/wp\/v2\/types\/page"}],"author":[{"embeddable":true,"href":"https:\/\/onderdak.dvk.cl\/index.php?rest_route=\/wp\/v2\/users\/1"}],"replies":[{"embeddable":true,"href":"https:\/\/onderdak.dvk.cl\/index.php?rest_route=%2Fwp%2Fv2%2Fcomments&post=35"}],"version-history":[{"count":2,"href":"https:\/\/onderdak.dvk.cl\/index.php?rest_route=\/wp\/v2\/pages\/35\/revisions"}],"predecessor-version":[{"id":460,"href":"https:\/\/onderdak.dvk.cl\/index.php?rest_route=\/wp\/v2\/pages\/35\/revisions\/460"}],"wp:attachment":[{"href":"https:\/\/onderdak.dvk.cl\/index.php?rest_route=%2Fwp%2Fv2%2Fmedia&parent=35"}],"curies":[{"name":"wp","href":"https:\/\/api.w.org\/{rel}","templated":true}]}}