{"id":523,"date":"2014-04-09T19:22:02","date_gmt":"2014-04-09T19:22:02","guid":{"rendered":"http:\/\/www.onderdak.cl\/w\/?page_id=523"},"modified":"2014-04-09T19:26:01","modified_gmt":"2014-04-09T19:26:01","slug":"home","status":"publish","type":"page","link":"https:\/\/onderdak.dvk.cl\/","title":{"rendered":"Home"},"content":{"rendered":"<p><a style=\"text-align: center;\" href=\"http:\/\/www.onderdak.cl\/w\/wp-content\/uploads\/2013\/09\/DSC_1.jpg\" data-rel=\"lightbox-gallery-e0zYI0pj\" data-rl_title=\"\" data-rl_caption=\"\" title=\"\"><img loading=\"lazy\" decoding=\"async\" class=\"aligncenter  wp-image-522\" alt=\"DSC_1\" src=\"http:\/\/www.onderdak.cl\/w\/wp-content\/uploads\/2013\/09\/DSC_1.jpg\" width=\"720\" height=\"477\" srcset=\"https:\/\/onderdak.dvk.cl\/wp-content\/uploads\/2013\/09\/DSC_1.jpg 1200w, https:\/\/onderdak.dvk.cl\/wp-content\/uploads\/2013\/09\/DSC_1-482x319.jpg 482w, https:\/\/onderdak.dvk.cl\/wp-content\/uploads\/2013\/09\/DSC_1-300x198.jpg 300w, https:\/\/onderdak.dvk.cl\/wp-content\/uploads\/2013\/09\/DSC_1-1024x678.jpg 1024w, https:\/\/onderdak.dvk.cl\/wp-content\/uploads\/2013\/09\/DSC_1-968x641.jpg 968w, https:\/\/onderdak.dvk.cl\/wp-content\/uploads\/2013\/09\/DSC_1-636x421.jpg 636w, https:\/\/onderdak.dvk.cl\/wp-content\/uploads\/2013\/09\/DSC_1-320x212.jpg 320w, https:\/\/onderdak.dvk.cl\/wp-content\/uploads\/2013\/09\/DSC_1-239x158.jpg 239w\" sizes=\"auto, (max-width: 720px) 100vw, 720px\" \/><\/a><\/p>\n<p style=\"text-align: center;\"><span style=\"color: #0000ee;\"><span style=\"text-decoration: underline;\"> <\/span><\/span><\/p>\n<ul class=\"g1-grid\"><li class=\"g1-column g1-one-third g1-valign-top\">\n<h2><i id=\"icon-1\" class=\"g1-icon g1-icon--solid g1-icon--medium g1-icon--inherit  fa fa-male\"><\/i><\/h2>\n<h2>Dise\u00f1o ergon\u00f3mico<\/h2>\n<p>Este refugio esta especialmente dise\u00f1ado y concebido para ser habitable por personas, a diferencia de otras estructuras que usualmente son usadas para el transporte de cargas por v\u00eda mar\u00edtima y terrestre, respondiendo a est\u00e1ndares de medidas poco aptos para ser utilizables como viviendas o refugios.<div id=\"g1-toggle-counter-1\" class=\"g1-toggle g1-toggle--off g1-toggle--simple g1-toggle--noicon \" ><div class=\"g1-toggle__title\"><\/div><div class=\"g1-toggle__content\"><div class=\"g1-block\"><br \/>\nCada cent\u00edmetro del shelter esta cuidadosamente planificado y estudiado para maximizar la eficiencia en el uso de materiales y la habitabilidad de los espacios, para as\u00ed proveer de altos est\u00e1ndares de confort.<\/div><\/div><\/div><br \/>\n<\/li><!-- -->\n<li class=\"g1-column g1-one-third g1-valign-top\">\n<h2><i id=\"icon-2\" class=\"g1-icon g1-icon--solid g1-icon--medium g1-icon--inherit  fa fa-umbrella\"><\/i><\/h2>\n<h2>Confort T\u00e9rmico<\/h2>\n<p>El concepto de confort t\u00e9rmico se refiere a la capacidad que tiene un espacio cerrado de mantenernos en su interior con un grado de confortabilidad, esto se logra cuando podemos aislar el ambiente interior de factores externos de temperatura y humedad.<div id=\"g1-toggle-counter-2\" class=\"g1-toggle g1-toggle--off g1-toggle--simple g1-toggle--noicon \" ><div class=\"g1-toggle__title\"><\/div><div class=\"g1-toggle__content\"><div class=\"g1-block\">\n<p>Onderdak esta dise\u00f1ado con uno de los mejores productos existentes para la aislaci\u00f3n de estructuras, sus 7 cm de poliuretano inyectado, su interior de madera y la ventilaci\u00f3n pasiva hacen que \u00e9ste sea un espacio muy confortable de habitar. No importa si hace fr\u00edo  o calor afuera , en unos pocos minutos se puede manejar la temperatura interior.<\/div><\/div><\/div><\/p>\n<\/li><!-- -->\n<li class=\"g1-column g1-one-third g1-valign-top\">\n<h2><i id=\"icon-3\" class=\"g1-icon g1-icon--solid g1-icon--medium g1-icon--inherit  fa fa-truck\"><\/i><\/h2>\n<h2>Transportable<\/h2>\n<p><strong>Mano:<\/strong> Dos personas son capaces de mover todos los componentes del refugio, a traves de senderos, bosques, pendientes empinadas, etc.(dibujo)<br \/>\n<strong>Camioneta:<\/strong> Aunque el peso total del refugio lo hace carga admisible para casi todo tipo de pickup al ser las estructuras de 4,66 m. la disposici\u00f3n de la carga hace que esta sea llevada en mas de un viaje.<div id=\"g1-toggle-counter-3\" class=\"g1-toggle g1-toggle--off g1-toggle--simple g1-toggle--noicon \" ><div class=\"g1-toggle__title\"><\/div><div class=\"g1-toggle__content\"><div class=\"g1-block\"><br \/>\n<strong>Carro de remolque:<\/strong> Esta es la forma ideal de transporte de Onderdak, un peque\u00f1o carro con eje simple especialmente adaptado para acarrearlo a los m\u00e1s diversos lugares, con un ancho de 1,3 m es ideal para todo tipo de caminos.<br \/>\n<strong>Cami\u00f3n 3\/4:<\/strong> Hasta 3 refugios pueden ser transportados en un cami\u00f3n abierto. Cada refugio desarmado ocupa un volumen de  7 m3.(dibujo)<br \/>\n<strong>Cami\u00f3n porta contenedor:<\/strong> Dentro de un contenedor de 20 pies (5,8m)  caben 4 refugios completos, por lo que en el de 40 pies caben 8 refugios.(dibujo)<br \/>\n<strong>Helic\u00f3ptero:<\/strong> Onderdak 0.11 esta pensado para ser r\u00e1pida y f\u00e1cilmente transportable como carga colgante por un helic\u00f3ptero y as\u00ed poder llegar a los lugares mas remotos e inaccesibles.<br \/>\n<\/div><\/div><\/div><br \/>\n<a href=\"\/\"><span style=\"color: #333333;\"><\/li><!-- --><\/ul><\/span><\/a><\/p>\n<div id=\"g1-divider-1\" class=\"g1-divider g1-divider--none g1-divider--noicon \"><\/div>\n<ul class=\"g1-grid\"><li class=\"g1-column g1-one-third g1-valign-top\">\n<h2><i id=\"icon-4\" class=\"g1-icon g1-icon--solid g1-icon--medium g1-icon--inherit  fa fa-wrench\"><\/i><\/h2>\n<h2>Ensamblable y desensamblabe<\/h2>\n<p>Una de las principales ventajas que tiene Onderdak es la de poder desarmarlo y armarlo. Es tan facil y simple que una vez que estan los soportes de piso nivelados el armado realizado por dos personas no demora mas de un par de horas para el Onderdak 0.11,<div id=\"g1-toggle-counter-4\" class=\"g1-toggle g1-toggle--off g1-toggle--simple g1-toggle--noicon \" ><div class=\"g1-toggle__title\"><\/div><div class=\"g1-toggle__content\"><div class=\"g1-block\"><br \/>\nlo \u00fanico que se necesita es un atornillador de cruz y dos pisos o sillas de 45 cm de altura. S\u00ed, en veinte minutos, un par de tornillos estrat\u00e9gicos y tienes un refugio t\u00e9rmico 100% listo y habitable a prueba de agua, viento y nieve.<br \/>\nPara desarmarlo es pr\u00e1cticamente lo mismo que en el armado, se parte por lo \u00faltimo, y las herramientas necesarias son las mismas, Onderdak esta dise\u00f1ado para ser armado y desarmado repetidas veces, por lo que cada uno de sus componentes esta especialmente dise\u00f1ado y construido para soportar estas demandantes exigencias.<\/div><\/div><\/div><\/p>\n<\/li><!-- -->\n<li class=\"g1-column g1-one-third g1-valign-top\">\n<i id=\"icon-5\" class=\"g1-icon g1-icon--solid g1-icon--medium g1-icon--inherit  fa fa-globe\"><\/i>\n<h2>Amigable con el medio ambiente<\/h2>\n<p>Onderdak es amigable con el medio ambiente de varias formas, una de estas se refiere al poco o nulo impacto que genera en el entorno inmediato en el cual se emplaza, los sistemas tradicionales de construcci\u00f3n modifican y destruyen considerablemente el entorno, la necesidad de caminos,<div id=\"g1-toggle-counter-5\" class=\"g1-toggle g1-toggle--off g1-toggle--simple g1-toggle--noicon \" ><div class=\"g1-toggle__title\"><\/div><div class=\"g1-toggle__content\"><div class=\"g1-block\"> transito de camiones , instalaci\u00f3n de faenas, etc, tienen un fuerte impacto en el.<\/p>\n<p>Un refugio Onderdak no necesita nada de esto para ser armado en terreno, solo 2 personas en 30 minutos pueden armar y desarmarlo sin generar ninguna destrucci\u00f3n en el y del medio ambiente, es m\u00e1s, Onderdak puede ser trasladado de locaci\u00f3n y su huella en el terreno es m\u00ednima o nula. Todo esto lo hace ideal para ser usado en locaciones como parques nacionales, parques protegidos, reservas naturales, etc.<\/div><\/div><\/div><\/p>\n<\/li><!-- --><br \/>\n<\/p>\n","protected":false},"excerpt":{"rendered":"","protected":false},"author":2,"featured_media":0,"parent":0,"menu_order":0,"comment_status":"closed","ping_status":"closed","template":"g1_template_page_full.php","meta":{"footnotes":""},"class_list":["post-523","page","type-page","status-publish"],"_links":{"self":[{"href":"https:\/\/onderdak.dvk.cl\/index.php?rest_route=\/wp\/v2\/pages\/523","targetHints":{"allow":["GET"]}}],"collection":[{"href":"https:\/\/onderdak.dvk.cl\/index.php?rest_route=\/wp\/v2\/pages"}],"about":[{"href":"https:\/\/onderdak.dvk.cl\/index.php?rest_route=\/wp\/v2\/types\/page"}],"author":[{"embeddable":true,"href":"https:\/\/onderdak.dvk.cl\/index.php?rest_route=\/wp\/v2\/users\/2"}],"replies":[{"embeddable":true,"href":"https:\/\/onderdak.dvk.cl\/index.php?rest_route=%2Fwp%2Fv2%2Fcomments&post=523"}],"version-history":[{"count":2,"href":"https:\/\/onderdak.dvk.cl\/index.php?rest_route=\/wp\/v2\/pages\/523\/revisions"}],"predecessor-version":[{"id":525,"href":"https:\/\/onderdak.dvk.cl\/index.php?rest_route=\/wp\/v2\/pages\/523\/revisions\/525"}],"wp:attachment":[{"href":"https:\/\/onderdak.dvk.cl\/index.php?rest_route=%2Fwp%2Fv2%2Fmedia&parent=523"}],"curies":[{"name":"wp","href":"https:\/\/api.w.org\/{rel}","templated":true}]}}